{"id":31072,"date":"2023-09-04T11:48:15","date_gmt":"2023-09-04T16:48:15","guid":{"rendered":"https:\/\/otakupahp.llc\/?page_id=31072"},"modified":"2025-04-14T10:06:19","modified_gmt":"2025-04-14T15:06:19","slug":"our-blog","status":"publish","type":"page","link":"https:\/\/otakupahp.llc\/en\/our-blog\/","title":{"rendered":"Blog"},"content":{"rendered":"\t\t<div data-elementor-type=\"wp-page\" data-elementor-id=\"31072\" class=\"elementor elementor-31072 elementor-26109\" data-elementor-post-type=\"page\">\n\t\t\t\t\t\t<section class=\"elementor-section elementor-top-section elementor-element elementor-element-8aaac59 elementor-section-height-min-height elementor-section-boxed elementor-section-height-default elementor-section-items-middle\" data-id=\"8aaac59\" data-element_type=\"section\" data-e-type=\"section\" data-settings=\"{&quot;background_background&quot;:&quot;classic&quot;}\">\n\t\t\t\t\t\t\t<div class=\"elementor-background-overlay\"><\/div>\n\t\t\t\t\t\t\t<div class=\"elementor-container elementor-column-gap-default\">\n\t\t\t\t\t<div class=\"elementor-column elementor-col-50 elementor-top-column elementor-element elementor-element-34976a8\" data-id=\"34976a8\" data-element_type=\"column\" data-e-type=\"column\">\n\t\t\t<div class=\"elementor-widget-wrap elementor-element-populated\">\n\t\t\t\t\t\t<div class=\"elementor-element elementor-element-7f12eae elementor-widget elementor-widget-heading\" data-id=\"7f12eae\" data-element_type=\"widget\" data-e-type=\"widget\" data-widget_type=\"heading.default\">\n\t\t\t\t<div class=\"elementor-widget-container\">\n\t\t\t\t\t<h2 class=\"elementor-heading-title elementor-size-default\">Blog<\/h2>\t\t\t\t<\/div>\n\t\t\t\t<\/div>\n\t\t\t\t<div class=\"elementor-element elementor-element-dd74084 elementor-widget elementor-widget-text-editor\" data-id=\"dd74084\" data-element_type=\"widget\" data-e-type=\"widget\" data-widget_type=\"text-editor.default\">\n\t\t\t\t<div class=\"elementor-widget-container\">\n\t\t\t\t\t\t\t\t\t<p>En este blog, exploraremos las \u00faltimas tendencias en innovaci\u00f3n, compartiremos historias inspiradoras de empresas y personas que est\u00e1n liderando el camino, y proporcionaremos consejos pr\u00e1cticos para fomentar la innovaci\u00f3n en tu vida y en tu negocio. \u00danete a nosotros en este viaje emocionante mientras exploramos el poder transformador de la innovaci\u00f3n en el siglo XXI.<\/p>\n\t\t\t\t\t\t\t\t<\/div>\n\t\t\t\t<\/div>\n\t\t\t\t\t<\/div>\n\t\t<\/div>\n\t\t\t\t<div class=\"elementor-column elementor-col-50 elementor-top-column elementor-element elementor-element-de6b451\" data-id=\"de6b451\" data-element_type=\"column\" data-e-type=\"column\">\n\t\t\t<div class=\"elementor-widget-wrap\">\n\t\t\t\t\t\t\t<\/div>\n\t\t<\/div>\n\t\t\t\t\t<\/div>\n\t\t<\/section>\n\t\t\t\t<section class=\"elementor-section elementor-top-section elementor-element elementor-element-a58f9ea elementor-section-boxed elementor-section-height-default elementor-section-height-default\" data-id=\"a58f9ea\" data-element_type=\"section\" data-e-type=\"section\" data-settings=\"{&quot;background_background&quot;:&quot;classic&quot;}\">\n\t\t\t\t\t\t<div class=\"elementor-container elementor-column-gap-default\">\n\t\t\t\t\t<div class=\"elementor-column elementor-col-100 elementor-top-column elementor-element elementor-element-1b9011f\" data-id=\"1b9011f\" data-element_type=\"column\" data-e-type=\"column\">\n\t\t\t<div class=\"elementor-widget-wrap elementor-element-populated\">\n\t\t\t\t\t\t<div class=\"elementor-element elementor-element-4fd674c elementor-grid-3 elementor-grid-tablet-2 elementor-grid-mobile-1 elementor-posts--thumbnail-top elementor-posts--show-avatar elementor-card-shadow-yes elementor-posts__hover-gradient load-more-align-center elementor-widget elementor-widget-posts\" data-id=\"4fd674c\" data-element_type=\"widget\" data-e-type=\"widget\" data-settings=\"{&quot;pagination_type&quot;:&quot;load_more_on_click&quot;,&quot;cards_columns&quot;:&quot;3&quot;,&quot;cards_columns_tablet&quot;:&quot;2&quot;,&quot;cards_columns_mobile&quot;:&quot;1&quot;,&quot;cards_row_gap&quot;:{&quot;unit&quot;:&quot;px&quot;,&quot;size&quot;:35,&quot;sizes&quot;:[]},&quot;cards_row_gap_tablet&quot;:{&quot;unit&quot;:&quot;px&quot;,&quot;size&quot;:&quot;&quot;,&quot;sizes&quot;:[]},&quot;cards_row_gap_mobile&quot;:{&quot;unit&quot;:&quot;px&quot;,&quot;size&quot;:&quot;&quot;,&quot;sizes&quot;:[]},&quot;load_more_spinner&quot;:{&quot;value&quot;:&quot;fas fa-spinner&quot;,&quot;library&quot;:&quot;fa-solid&quot;}}\" data-widget_type=\"posts.cards\">\n\t\t\t\t<div class=\"elementor-widget-container\">\n\t\t\t\t\t\t\t<div class=\"elementor-posts-container elementor-posts elementor-posts--skin-cards elementor-grid\" role=\"list\">\n\t\t\t\t<article class=\"elementor-post elementor-grid-item post-46594 post type-post status-publish format-standard has-post-thumbnail hentry category-digital-marketing category-uncategorized-en category-web-development\" role=\"listitem\">\n\t\t\t<div class=\"elementor-post__card\">\n\t\t\t\t<a class=\"elementor-post__thumbnail__link\" href=\"https:\/\/otakupahp.llc\/en\/too-many-fields-and-clicks-how-do-they-affect-the-conversion-rate-of-your-web-form\/\" tabindex=\"-1\" ><div class=\"elementor-post__thumbnail\"><img fetchpriority=\"high\" decoding=\"async\" width=\"800\" height=\"600\" src=\"https:\/\/otakupahp.llc\/wp-content\/uploads\/rocfgvkblvy-1024x768.jpg\" class=\"attachment-large size-large wp-image-46592\" alt=\"\" srcset=\"https:\/\/otakupahp.llc\/wp-content\/uploads\/rocfgvkblvy-1024x768.jpg 1024w, https:\/\/otakupahp.llc\/wp-content\/uploads\/rocfgvkblvy-300x225.jpg 300w, https:\/\/otakupahp.llc\/wp-content\/uploads\/rocfgvkblvy-768x576.jpg 768w, https:\/\/otakupahp.llc\/wp-content\/uploads\/rocfgvkblvy-1536x1152.jpg 1536w, https:\/\/otakupahp.llc\/wp-content\/uploads\/rocfgvkblvy-600x450.jpg 600w, https:\/\/otakupahp.llc\/wp-content\/uploads\/rocfgvkblvy.jpg 1600w\" sizes=\"(max-width: 800px) 100vw, 800px\" \/><\/div><\/a>\n\t\t\t\t<div class=\"elementor-post__avatar\">\n\t\t\t\t\t<\/div>\n\t\t\t\t<div class=\"elementor-post__text\">\n\t\t\t\t<h3 class=\"elementor-post__title\">\n\t\t\t<a href=\"https:\/\/otakupahp.llc\/en\/too-many-fields-and-clicks-how-do-they-affect-the-conversion-rate-of-your-web-form\/\" >\n\t\t\t\tToo many fields and clicks? How do they affect the conversion rate of your web form?\t\t\t<\/a>\n\t\t<\/h3>\n\t\t\t\t<div class=\"elementor-post__excerpt\">\n\t\t\t<p>In the world of web development, every detail counts. One of the most critical (and often underestimated) elements on any site is the web form.<\/p>\n\t\t<\/div>\n\t\t\n\t\t<a class=\"elementor-post__read-more\" href=\"https:\/\/otakupahp.llc\/en\/too-many-fields-and-clicks-how-do-they-affect-the-conversion-rate-of-your-web-form\/\" aria-label=\"Read more about Too many fields and clicks? How do they affect the conversion rate of your web form?\" tabindex=\"-1\" >\n\t\t\tRead more\t\t<\/a>\n\n\t\t\t\t<\/div>\n\t\t\t\t<div class=\"elementor-post__meta-data\">\n\t\t\t\t\t<span class=\"elementor-post-date\">\n\t\t\tApril 16, 2025\t\t<\/span>\n\t\t\t\t<\/div>\n\t\t\t\t\t<\/div>\n\t\t<\/article>\n\t\t\t\t<article class=\"elementor-post elementor-grid-item post-34546 post type-post status-publish format-standard has-post-thumbnail hentry category-blog-en tag-code tag-tricks tag-wordpress-en\" role=\"listitem\">\n\t\t\t<div class=\"elementor-post__card\">\n\t\t\t\t<a class=\"elementor-post__thumbnail__link\" href=\"https:\/\/otakupahp.llc\/en\/tricks-to-boost-your-wordpress-site\/\" tabindex=\"-1\" ><div class=\"elementor-post__thumbnail\"><img decoding=\"async\" width=\"800\" height=\"534\" src=\"https:\/\/otakupahp.llc\/wp-content\/uploads\/computer-code-on-screen-2023-11-27-05-25-05-utc-1024x683.jpg\" class=\"attachment-large size-large wp-image-34544\" alt=\"\" srcset=\"https:\/\/otakupahp.llc\/wp-content\/uploads\/computer-code-on-screen-2023-11-27-05-25-05-utc-1024x683.jpg 1024w, https:\/\/otakupahp.llc\/wp-content\/uploads\/computer-code-on-screen-2023-11-27-05-25-05-utc-300x200.jpg 300w, https:\/\/otakupahp.llc\/wp-content\/uploads\/computer-code-on-screen-2023-11-27-05-25-05-utc-768x512.jpg 768w, https:\/\/otakupahp.llc\/wp-content\/uploads\/computer-code-on-screen-2023-11-27-05-25-05-utc-600x400.jpg 600w, https:\/\/otakupahp.llc\/wp-content\/uploads\/computer-code-on-screen-2023-11-27-05-25-05-utc.jpg 1152w\" sizes=\"(max-width: 800px) 100vw, 800px\" \/><\/div><\/a>\n\t\t\t\t<div class=\"elementor-post__avatar\">\n\t\t\t\t\t<\/div>\n\t\t\t\t<div class=\"elementor-post__text\">\n\t\t\t\t<h3 class=\"elementor-post__title\">\n\t\t\t<a href=\"https:\/\/otakupahp.llc\/en\/tricks-to-boost-your-wordpress-site\/\" >\n\t\t\t\tTricks to boost your WordPress site\t\t\t<\/a>\n\t\t<\/h3>\n\t\t\t\t<div class=\"elementor-post__excerpt\">\n\t\t\t<p>WordPress is a platform that offers a wide variety of features and functionalities, its high level of customization allows you to develop websites attached to<\/p>\n\t\t<\/div>\n\t\t\n\t\t<a class=\"elementor-post__read-more\" href=\"https:\/\/otakupahp.llc\/en\/tricks-to-boost-your-wordpress-site\/\" aria-label=\"Read more about Tricks to boost your WordPress site\" tabindex=\"-1\" >\n\t\t\tRead more\t\t<\/a>\n\n\t\t\t\t<\/div>\n\t\t\t\t<div class=\"elementor-post__meta-data\">\n\t\t\t\t\t<span class=\"elementor-post-date\">\n\t\t\tFebruary 29, 2024\t\t<\/span>\n\t\t\t\t<\/div>\n\t\t\t\t\t<\/div>\n\t\t<\/article>\n\t\t\t\t<article class=\"elementor-post elementor-grid-item post-34562 post type-post status-publish format-standard has-post-thumbnail hentry category-uncategorized-en tag-billing tag-contifico-en tag-datil-en tag-electronic-billing tag-in-ecuador tag-in-quito tag-online-billing tag-sri-en tag-woocommerce-en tag-wordpress-en\" role=\"listitem\">\n\t\t\t<div class=\"elementor-post__card\">\n\t\t\t\t<a class=\"elementor-post__thumbnail__link\" href=\"https:\/\/otakupahp.llc\/en\/implement-electronic-invoicing-in-woocommerce\/\" tabindex=\"-1\" ><div class=\"elementor-post__thumbnail\"><img decoding=\"async\" width=\"800\" height=\"534\" src=\"https:\/\/otakupahp.llc\/wp-content\/uploads\/female-entrepreneur-in-formal-suit-focused-in-sma-2023-11-27-05-35-31-utc-1024x683.jpg\" class=\"attachment-large size-large wp-image-34566\" alt=\"\" srcset=\"https:\/\/otakupahp.llc\/wp-content\/uploads\/female-entrepreneur-in-formal-suit-focused-in-sma-2023-11-27-05-35-31-utc-1024x683.jpg 1024w, https:\/\/otakupahp.llc\/wp-content\/uploads\/female-entrepreneur-in-formal-suit-focused-in-sma-2023-11-27-05-35-31-utc-300x200.jpg 300w, https:\/\/otakupahp.llc\/wp-content\/uploads\/female-entrepreneur-in-formal-suit-focused-in-sma-2023-11-27-05-35-31-utc-768x512.jpg 768w, https:\/\/otakupahp.llc\/wp-content\/uploads\/female-entrepreneur-in-formal-suit-focused-in-sma-2023-11-27-05-35-31-utc-600x400.jpg 600w, https:\/\/otakupahp.llc\/wp-content\/uploads\/female-entrepreneur-in-formal-suit-focused-in-sma-2023-11-27-05-35-31-utc.jpg 1152w\" sizes=\"(max-width: 800px) 100vw, 800px\" \/><\/div><\/a>\n\t\t\t\t<div class=\"elementor-post__avatar\">\n\t\t\t\t\t<\/div>\n\t\t\t\t<div class=\"elementor-post__text\">\n\t\t\t\t<h3 class=\"elementor-post__title\">\n\t\t\t<a href=\"https:\/\/otakupahp.llc\/en\/implement-electronic-invoicing-in-woocommerce\/\" >\n\t\t\t\tImplement electronic invoicing in WooCommerce\t\t\t<\/a>\n\t\t<\/h3>\n\t\t\t\t<div class=\"elementor-post__excerpt\">\n\t\t\t<p>In the world of e-commerce, efficiency and transparency are key elements to the success of any online business. In this sense, WooCommerce, the popular WordPress-based<\/p>\n\t\t<\/div>\n\t\t\n\t\t<a class=\"elementor-post__read-more\" href=\"https:\/\/otakupahp.llc\/en\/implement-electronic-invoicing-in-woocommerce\/\" aria-label=\"Read more about Implement electronic invoicing in WooCommerce\" tabindex=\"-1\" >\n\t\t\tRead more\t\t<\/a>\n\n\t\t\t\t<\/div>\n\t\t\t\t<div class=\"elementor-post__meta-data\">\n\t\t\t\t\t<span class=\"elementor-post-date\">\n\t\t\tFebruary 21, 2024\t\t<\/span>\n\t\t\t\t<\/div>\n\t\t\t\t\t<\/div>\n\t\t<\/article>\n\t\t\t\t<article class=\"elementor-post elementor-grid-item post-34574 post type-post status-publish format-standard has-post-thumbnail hentry category-uncategorized-en tag-seo-en tag-seo-for-beginners tag-wordpress-en\" role=\"listitem\">\n\t\t\t<div class=\"elementor-post__card\">\n\t\t\t\t<a class=\"elementor-post__thumbnail__link\" href=\"https:\/\/otakupahp.llc\/en\/going-deeper-into-seo-beginners-guide\/\" tabindex=\"-1\" ><div class=\"elementor-post__thumbnail\"><img loading=\"lazy\" decoding=\"async\" width=\"800\" height=\"534\" src=\"https:\/\/otakupahp.llc\/wp-content\/uploads\/young-successful-developer-sitting-at-workplace-wi-2023-11-27-05-30-09-utc-1024x683.jpg\" class=\"attachment-large size-large wp-image-34577\" alt=\"\" srcset=\"https:\/\/otakupahp.llc\/wp-content\/uploads\/young-successful-developer-sitting-at-workplace-wi-2023-11-27-05-30-09-utc-1024x683.jpg 1024w, https:\/\/otakupahp.llc\/wp-content\/uploads\/young-successful-developer-sitting-at-workplace-wi-2023-11-27-05-30-09-utc-300x200.jpg 300w, https:\/\/otakupahp.llc\/wp-content\/uploads\/young-successful-developer-sitting-at-workplace-wi-2023-11-27-05-30-09-utc-768x512.jpg 768w, https:\/\/otakupahp.llc\/wp-content\/uploads\/young-successful-developer-sitting-at-workplace-wi-2023-11-27-05-30-09-utc-600x400.jpg 600w, https:\/\/otakupahp.llc\/wp-content\/uploads\/young-successful-developer-sitting-at-workplace-wi-2023-11-27-05-30-09-utc.jpg 1151w\" sizes=\"(max-width: 800px) 100vw, 800px\" \/><\/div><\/a>\n\t\t\t\t<div class=\"elementor-post__avatar\">\n\t\t\t\t\t<\/div>\n\t\t\t\t<div class=\"elementor-post__text\">\n\t\t\t\t<h3 class=\"elementor-post__title\">\n\t\t\t<a href=\"https:\/\/otakupahp.llc\/en\/going-deeper-into-seo-beginners-guide\/\" >\n\t\t\t\tGoing deeper into SEO &#8211; Beginner&#8217;s Guide\t\t\t<\/a>\n\t\t<\/h3>\n\t\t\t\t<div class=\"elementor-post__excerpt\">\n\t\t\t<p>In the first part of our SEO blog, we explored the essential fundamentals of improving a website&#8217;s visibility in search engines. Now, we will delve<\/p>\n\t\t<\/div>\n\t\t\n\t\t<a class=\"elementor-post__read-more\" href=\"https:\/\/otakupahp.llc\/en\/going-deeper-into-seo-beginners-guide\/\" aria-label=\"Read more about Going deeper into SEO &#8211; Beginner&#8217;s Guide\" tabindex=\"-1\" >\n\t\t\tRead more\t\t<\/a>\n\n\t\t\t\t<\/div>\n\t\t\t\t<div class=\"elementor-post__meta-data\">\n\t\t\t\t\t<span class=\"elementor-post-date\">\n\t\t\tFebruary 13, 2024\t\t<\/span>\n\t\t\t\t<\/div>\n\t\t\t\t\t<\/div>\n\t\t<\/article>\n\t\t\t\t<article class=\"elementor-post elementor-grid-item post-34579 post type-post status-publish format-standard has-post-thumbnail hentry category-uncategorized-en tag-learn-seo tag-seo-en tag-seo-guide\" role=\"listitem\">\n\t\t\t<div class=\"elementor-post__card\">\n\t\t\t\t<a class=\"elementor-post__thumbnail__link\" href=\"https:\/\/otakupahp.llc\/en\/seo-beginners-guide\/\" tabindex=\"-1\" ><div class=\"elementor-post__thumbnail\"><img loading=\"lazy\" decoding=\"async\" width=\"800\" height=\"534\" src=\"https:\/\/otakupahp.llc\/wp-content\/uploads\/seo-inscription-2023-11-27-05-23-35-utc-1024x683.jpg\" class=\"attachment-large size-large wp-image-34580\" alt=\"\" srcset=\"https:\/\/otakupahp.llc\/wp-content\/uploads\/seo-inscription-2023-11-27-05-23-35-utc-1024x683.jpg 1024w, https:\/\/otakupahp.llc\/wp-content\/uploads\/seo-inscription-2023-11-27-05-23-35-utc-300x200.jpg 300w, https:\/\/otakupahp.llc\/wp-content\/uploads\/seo-inscription-2023-11-27-05-23-35-utc-768x512.jpg 768w, https:\/\/otakupahp.llc\/wp-content\/uploads\/seo-inscription-2023-11-27-05-23-35-utc-600x400.jpg 600w, https:\/\/otakupahp.llc\/wp-content\/uploads\/seo-inscription-2023-11-27-05-23-35-utc.jpg 1152w\" sizes=\"(max-width: 800px) 100vw, 800px\" \/><\/div><\/a>\n\t\t\t\t<div class=\"elementor-post__avatar\">\n\t\t\t\t\t<\/div>\n\t\t\t\t<div class=\"elementor-post__text\">\n\t\t\t\t<h3 class=\"elementor-post__title\">\n\t\t\t<a href=\"https:\/\/otakupahp.llc\/en\/seo-beginners-guide\/\" >\n\t\t\t\tSEO Beginner&#8217;s Guide\t\t\t<\/a>\n\t\t<\/h3>\n\t\t\t\t<div class=\"elementor-post__excerpt\">\n\t\t\t<p>SEO (Search Engine Optimization) is a set of techniques and strategies aimed at improving the visibility of a website in search engines such as Google,<\/p>\n\t\t<\/div>\n\t\t\n\t\t<a class=\"elementor-post__read-more\" href=\"https:\/\/otakupahp.llc\/en\/seo-beginners-guide\/\" aria-label=\"Read more about SEO Beginner&#8217;s Guide\" tabindex=\"-1\" >\n\t\t\tRead more\t\t<\/a>\n\n\t\t\t\t<\/div>\n\t\t\t\t<div class=\"elementor-post__meta-data\">\n\t\t\t\t\t<span class=\"elementor-post-date\">\n\t\t\tFebruary 5, 2024\t\t<\/span>\n\t\t\t\t<\/div>\n\t\t\t\t\t<\/div>\n\t\t<\/article>\n\t\t\t\t<article class=\"elementor-post elementor-grid-item post-34584 post type-post status-publish format-standard has-post-thumbnail hentry category-artificial-intelligence category-blog-en tag-ai tag-artificial-intelligence tag-facebook-en tag-instagram-en tag-social-media\" role=\"listitem\">\n\t\t\t<div class=\"elementor-post__card\">\n\t\t\t\t<a class=\"elementor-post__thumbnail__link\" href=\"https:\/\/otakupahp.llc\/en\/integrating-artificial-intelligence-to-boost-your-presence-in-social-media\/\" tabindex=\"-1\" ><div class=\"elementor-post__thumbnail\"><img loading=\"lazy\" decoding=\"async\" width=\"800\" height=\"534\" src=\"https:\/\/otakupahp.llc\/wp-content\/uploads\/ai-robot-working-in-the-office-2023-11-27-05-33-33-utc-1024x683.jpg\" class=\"attachment-large size-large wp-image-34587\" alt=\"\" srcset=\"https:\/\/otakupahp.llc\/wp-content\/uploads\/ai-robot-working-in-the-office-2023-11-27-05-33-33-utc-1024x683.jpg 1024w, https:\/\/otakupahp.llc\/wp-content\/uploads\/ai-robot-working-in-the-office-2023-11-27-05-33-33-utc-300x200.jpg 300w, https:\/\/otakupahp.llc\/wp-content\/uploads\/ai-robot-working-in-the-office-2023-11-27-05-33-33-utc-768x513.jpg 768w, https:\/\/otakupahp.llc\/wp-content\/uploads\/ai-robot-working-in-the-office-2023-11-27-05-33-33-utc-1536x1025.jpg 1536w, https:\/\/otakupahp.llc\/wp-content\/uploads\/ai-robot-working-in-the-office-2023-11-27-05-33-33-utc-2048x1367.jpg 2048w, https:\/\/otakupahp.llc\/wp-content\/uploads\/ai-robot-working-in-the-office-2023-11-27-05-33-33-utc-600x400.jpg 600w\" sizes=\"(max-width: 800px) 100vw, 800px\" \/><\/div><\/a>\n\t\t\t\t<div class=\"elementor-post__avatar\">\n\t\t\t\t\t<\/div>\n\t\t\t\t<div class=\"elementor-post__text\">\n\t\t\t\t<h3 class=\"elementor-post__title\">\n\t\t\t<a href=\"https:\/\/otakupahp.llc\/en\/integrating-artificial-intelligence-to-boost-your-presence-in-social-media\/\" >\n\t\t\t\tIntegrating Artificial Intelligence to Boost your presence on Social Media\t\t\t<\/a>\n\t\t<\/h3>\n\t\t\t\t<div class=\"elementor-post__excerpt\">\n\t\t\t<p>Artificial intelligence (AI) is revolutionizing the way companies manage social media. Some web platforms are already integrating artificial intelligence into their systems to provide advanced<\/p>\n\t\t<\/div>\n\t\t\n\t\t<a class=\"elementor-post__read-more\" href=\"https:\/\/otakupahp.llc\/en\/integrating-artificial-intelligence-to-boost-your-presence-in-social-media\/\" aria-label=\"Read more about Integrating Artificial Intelligence to Boost your presence on Social Media\" tabindex=\"-1\" >\n\t\t\tRead more\t\t<\/a>\n\n\t\t\t\t<\/div>\n\t\t\t\t<div class=\"elementor-post__meta-data\">\n\t\t\t\t\t<span class=\"elementor-post-date\">\n\t\t\tJanuary 29, 2024\t\t<\/span>\n\t\t\t\t<\/div>\n\t\t\t\t\t<\/div>\n\t\t<\/article>\n\t\t\t\t<\/div>\n\t\t\t\t\t<span class=\"e-load-more-spinner\">\n\t\t\t\t<i aria-hidden=\"true\" class=\"fas fa-spinner\"><\/i>\t\t\t<\/span>\n\t\t\n\t\t\t\t<div class=\"e-load-more-anchor\" data-page=\"1\" data-max-page=\"4\" data-next-page=\"https:\/\/otakupahp.llc\/en\/wp-json\/wp\/v2\/pages\/31072\/page\/2\/\"><\/div>\n\t\t\t\t<div class=\"elementor-button-wrapper\">\n\t\t\t<a class=\"elementor-button elementor-size-sm\" role=\"button\">\n\t\t\t\t\t\t<span class=\"elementor-button-content-wrapper\">\n\t\t\t\t\t\t\t\t\t<span class=\"elementor-button-text\">Cargar m\u00e1s<\/span>\n\t\t\t\t\t<\/span>\n\t\t\t\t\t<\/a>\n\t\t<\/div>\n\t\t\t\t<div class=\"e-load-more-message\"><\/div>\n\t\t\t\t\t\t<\/div>\n\t\t\t\t<\/div>\n\t\t\t\t\t<\/div>\n\t\t<\/div>\n\t\t\t\t\t<\/div>\n\t\t<\/section>\n\t\t\t\t<\/div>\n\t\t","protected":false},"excerpt":{"rendered":"<p>En este blog, exploraremos las \u00faltimas tendencias en innovaci\u00f3n, compartiremos historias inspiradoras de empresas y personas que est\u00e1n liderando el camino, y proporcionaremos consejos pr\u00e1cticos para fomentar la innovaci\u00f3n en tu vida y en tu negocio. \u00danete a nosotros en este viaje emocionante mientras exploramos el poder transformador de la innovaci\u00f3n en el siglo XXI.<\/p>\n","protected":false},"author":233,"featured_media":0,"parent":0,"menu_order":0,"comment_status":"closed","ping_status":"closed","template":"","meta":{"_acf_changed":false,"_seopress_robots_primary_cat":"","_seopress_titles_title":"","_seopress_titles_desc":"","_seopress_robots_index":"","_joinchat":[],"footnotes":""},"class_list":["post-31072","page","type-page","status-publish","hentry"],"acf":[],"_links":{"self":[{"href":"https:\/\/otakupahp.llc\/en\/wp-json\/wp\/v2\/pages\/31072","targetHints":{"allow":["GET"]}}],"collection":[{"href":"https:\/\/otakupahp.llc\/en\/wp-json\/wp\/v2\/pages"}],"about":[{"href":"https:\/\/otakupahp.llc\/en\/wp-json\/wp\/v2\/types\/page"}],"author":[{"embeddable":true,"href":"https:\/\/otakupahp.llc\/en\/wp-json\/wp\/v2\/users\/233"}],"replies":[{"embeddable":true,"href":"https:\/\/otakupahp.llc\/en\/wp-json\/wp\/v2\/comments?post=31072"}],"version-history":[{"count":0,"href":"https:\/\/otakupahp.llc\/en\/wp-json\/wp\/v2\/pages\/31072\/revisions"}],"wp:attachment":[{"href":"https:\/\/otakupahp.llc\/en\/wp-json\/wp\/v2\/media?parent=31072"}],"curies":[{"name":"wp","href":"https:\/\/api.w.org\/{rel}","templated":true}]}}